{"id":518,"date":"2010-07-19T10:51:06","date_gmt":"2010-07-19T10:51:06","guid":{"rendered":"http:\/\/www.institut-hysope.com\/"},"modified":"2025-03-26T18:50:03","modified_gmt":"2025-03-26T17:50:03","slug":"mentions-legales","status":"publish","type":"page","link":"https:\/\/www.institut-hysope.com\/new\/mentions-legales\/","title":{"rendered":"Mentions l\u00e9gales"},"content":{"rendered":"[vc_row type=&#8221;in_container&#8221; full_screen_row_position=&#8221;middle&#8221; column_margin=&#8221;default&#8221; column_direction=&#8221;default&#8221; column_direction_tablet=&#8221;default&#8221; column_direction_phone=&#8221;default&#8221; scene_position=&#8221;center&#8221; text_color=&#8221;dark&#8221; text_align=&#8221;left&#8221; row_border_radius=&#8221;none&#8221; row_border_radius_applies=&#8221;bg&#8221; overflow=&#8221;visible&#8221; overlay_strength=&#8221;0.3&#8243; gradient_direction=&#8221;left_to_right&#8221; shape_divider_position=&#8221;bottom&#8221; bg_image_animation=&#8221;none&#8221;][vc_column column_padding=&#8221;no-extra-padding&#8221; column_padding_tablet=&#8221;inherit&#8221; column_padding_phone=&#8221;inherit&#8221; column_padding_position=&#8221;all&#8221; column_element_direction_desktop=&#8221;default&#8221; column_element_spacing=&#8221;default&#8221; desktop_text_alignment=&#8221;default&#8221; tablet_text_alignment=&#8221;default&#8221; phone_text_alignment=&#8221;default&#8221; background_color_opacity=&#8221;1&#8243; background_hover_color_opacity=&#8221;1&#8243; column_backdrop_filter=&#8221;none&#8221; column_shadow=&#8221;none&#8221; column_border_radius=&#8221;none&#8221; column_link_target=&#8221;_self&#8221; column_position=&#8221;default&#8221; gradient_direction=&#8221;left_to_right&#8221; overlay_strength=&#8221;0.3&#8243; width=&#8221;1\/4&#8243; tablet_width_inherit=&#8221;default&#8221; animation_type=&#8221;default&#8221; bg_image_animation=&#8221;none&#8221; border_type=&#8221;simple&#8221; column_border_width=&#8221;none&#8221; column_border_style=&#8221;solid&#8221;][\/vc_column][vc_column column_padding=&#8221;no-extra-padding&#8221; column_padding_tablet=&#8221;inherit&#8221; column_padding_phone=&#8221;inherit&#8221; column_padding_position=&#8221;all&#8221; column_element_direction_desktop=&#8221;default&#8221; column_element_spacing=&#8221;default&#8221; desktop_text_alignment=&#8221;default&#8221; tablet_text_alignment=&#8221;default&#8221; phone_text_alignment=&#8221;default&#8221; background_color_opacity=&#8221;1&#8243; background_hover_color_opacity=&#8221;1&#8243; column_backdrop_filter=&#8221;none&#8221; column_shadow=&#8221;none&#8221; column_border_radius=&#8221;none&#8221; column_link_target=&#8221;_self&#8221; column_position=&#8221;default&#8221; gradient_direction=&#8221;left_to_right&#8221; overlay_strength=&#8221;0.3&#8243; width=&#8221;1\/2&#8243; tablet_width_inherit=&#8221;default&#8221; animation_type=&#8221;default&#8221; bg_image_animation=&#8221;none&#8221; border_type=&#8221;simple&#8221; column_border_width=&#8221;none&#8221; column_border_style=&#8221;solid&#8221;][vc_column_text]Le site <a href=\"http:\/\/www.institut-hysope.com\">www.institut-hysope.com<\/a> est \u00e9dit\u00e9 par l\u2019Institut HYSOPE France, soci\u00e9t\u00e9 \u00e0 responsabilit\u00e9 limit\u00e9e au capital de 10 000 euros, enregistr\u00e9e sous le N\u00b0 RCS B 389 818 691 R.C.S. AVIGNON, n\u00b0 de TVA intracommunautaire : FR29 389 818 691, repr\u00e9sent\u00e9e par M. LUCAS Claude, agissant en qualit\u00e9 de g\u00e9rant.<\/p>\n<p><strong>Adresse du si\u00e8ge social :<\/strong><br \/>\n18 rue des acacias 13340 Rognac<br \/>\nTel. : +33 (0) 490 253 055<br \/>\nemail: <a href=\"mailto:yzop@mac.com\" class=\"autohyperlink\">yzop@mac.com<\/a><br \/>\nurl :<a href=\"http:\/\/www.institut-hysope.com\"> www.institut-hysope.com<\/a><\/p>\n<p><strong>Directeur de la publication du site Internet : <\/strong>Claude LUCAS<br \/>\n<strong>H\u00e9bergement<\/strong> : OVH &#8211;<a href=\"http:\/\/www.ovh.com\"> www.ovh.com<\/a><\/p>\n<p><strong>Propri\u00e9t\u00e9 intellectuelle<\/strong><br \/>\nLe site Internet est la propri\u00e9t\u00e9 de l\u2019Institut Hysope France en sa totalit\u00e9, ainsi que l&#8217;ensemble des droits y aff\u00e9rents. En cons\u00e9quence, Toute reproduction, int\u00e9grale ou partielle, du pr\u00e9sent site et des \u00e9l\u00e9ments qu&#8217;il contient et toutes liaisons du type hypertextes vers le site sont syst\u00e9matiquement soumises \u00e0 l&#8217;autorisation des propri\u00e9taires.<\/p>\n<p><strong>Protection des donn\u00e9es personnelles<\/strong><br \/>\nToute information personnelle que l&#8217;internaute serait amen\u00e9 \u00e0 transmettre \u00e0 l\u2019Institut Hysope France services est soumise aux dispositions de la loi n\u00b0 78-17 &#8220;informatique et libert\u00e9s&#8221; du 06 janvier 1978.<br \/>\nDe plus, l\u2019Institut Hysope France s&#8217;engage \u00e0 ne pas communiquer, gratuitement ou avec contrepartie, les coordonn\u00e9es de ses clients \u00e0 un tiers, sans autorisation pr\u00e9alable notifi\u00e9e de leur part.<br \/>\nVous disposez, conform\u00e9ment \u00e0 l&#8217;article 39 et 40 de la loi &#8220;Informatique et Libert\u00e9s&#8221; du 6 janvier 1978, modifi\u00e9e par la loi 2004-801 du 6 ao\u00fbt 2004, d&#8217;un droit d&#8217;acc\u00e8s, de rectification, de modification et de suppression concernant les donn\u00e9es qui vous concernent, et pouvez exiger la suppression des messages. Vous pouvez exercer ce droit en nous contactant par voie postale \u00e0 : Institut Hysope France, 18 rue des acacias, 13340 ROGNAC FRANCE, ou par courrier \u00e9lectronique \u00e0 : <a href=\"mailto:yzop@mac.com\">yzop@mac.com<\/a><\/p>\n<p><strong>Acc\u00e8s au site<\/strong><br \/>\nDes interruptions momentan\u00e9es peuvent survenir lors des mises \u00e0 jour du site Internet.<br \/>\nEn revanche, l\u2019Institut Hysope France ne pourra pas \u00eatre tenue responsable:<br \/>\n&#8211; des interruptions ou retards enregistr\u00e9s sur le site Internet en raison de l&#8217;ex\u00e9cution de travaux de maintenance, de pannes techniques, d&#8217;un cas de force majeure, du fait de tiers ou de toutes circonstances quelles qu&#8217;elles soient, ind\u00e9pendamment de sa volont\u00e9.<br \/>\n&#8211; de l&#8217;impossibilit\u00e9 d&#8217;acc\u00e9der momentan\u00e9ment au site Internet, due \u00e0 des faits ind\u00e9pendants de sa volont\u00e9, tels que les cas d&#8217;interruptions du r\u00e9seau Internet ou de d\u00e9faillance du mat\u00e9riel de r\u00e9ception de tout acheteur potentiel, au r\u00e9seau Internet.<\/p>\n<p><strong>Liens vers d\u2019autres sites<\/strong><br \/>\nLe site Internet peut inclure des liens vers d&#8217;autres sites web ou d&#8217;autres sources Internet. Dans la mesure o\u00f9 l\u2019Institut Hysope France ne peut contr\u00f4ler ces sites et ces sources externes, la l\u2019Institut Hysope France ne peut \u00eatre tenue pour responsable de la mise \u00e0 disposition de ces sites et sources externes, et ne peut supporter aucune responsabilit\u00e9 quant au contenu, publicit\u00e9s, produits, services ou tout autre mat\u00e9riel disponible sur ou \u00e0 partir de ces sites ou sources externes. De plus, l\u2019Institut Hysope France ne pourra \u00eatre tenu responsable de tous dommages ou pertes av\u00e9r\u00e9s ou all\u00e9gu\u00e9s cons\u00e9cutifs ou en relation avec l&#8217;utilisation ou le fait d&#8217;avoir fait confiance au contenu, \u00e0 des biens ou des services disponibles sur ces sites ou sources externes.<br \/>\nPour des raisons li\u00e9es \u00e0 la technologie employ\u00e9e par l&#8217;un de nos prestataires, un cookie de session peut \u00e9galement vous \u00eatre propos\u00e9 au cours de votre navigation, notamment pour mesurer l&#8217;audience du site.<br \/>\nL&#8217;acc\u00e8s au site n&#8217;est en aucun cas conditionn\u00e9 \u00e0 l&#8217;acceptation de ce cookie.<\/p>\n<p>Pour toute demande d\u2019information, l\u2019Institut Hysope France est \u00e0 votre disposition par courrier \u00e9lectronique \u00e0 l\u2019adresse : <a href=\"mailto:yzop@mac.com\">yzop@mac.com <\/a>[\/vc_column_text][\/vc_column][vc_column column_padding=&#8221;no-extra-padding&#8221; column_padding_tablet=&#8221;inherit&#8221; column_padding_phone=&#8221;inherit&#8221; column_padding_position=&#8221;all&#8221; column_element_direction_desktop=&#8221;default&#8221; column_element_spacing=&#8221;default&#8221; desktop_text_alignment=&#8221;default&#8221; tablet_text_alignment=&#8221;default&#8221; phone_text_alignment=&#8221;default&#8221; background_color_opacity=&#8221;1&#8243; background_hover_color_opacity=&#8221;1&#8243; column_backdrop_filter=&#8221;none&#8221; column_shadow=&#8221;none&#8221; column_border_radius=&#8221;none&#8221; column_link_target=&#8221;_self&#8221; column_position=&#8221;default&#8221; gradient_direction=&#8221;left_to_right&#8221; overlay_strength=&#8221;0.3&#8243; width=&#8221;1\/4&#8243; tablet_width_inherit=&#8221;default&#8221; animation_type=&#8221;default&#8221; bg_image_animation=&#8221;none&#8221; border_type=&#8221;simple&#8221; column_border_width=&#8221;none&#8221; column_border_style=&#8221;solid&#8221;][\/vc_column][\/vc_row]\n","protected":false},"excerpt":{"rendered":"<p>[vc_row type=&#8221;in_container&#8221; full_screen_row_position=&#8221;middle&#8221; column_margin=&#8221;default&#8221; column_direction=&#8221;default&#8221; column_direction_tablet=&#8221;default&#8221; column_direction_phone=&#8221;default&#8221; scene_position=&#8221;center&#8221; text_color=&#8221;dark&#8221; text_align=&#8221;left&#8221; row_border_radius=&#8221;none&#8221; row_border_radius_applies=&#8221;bg&#8221; overflow=&#8221;visible&#8221; overlay_strength=&#8221;0.3&#8243; gradient_direction=&#8221;left_to_right&#8221; shape_divider_position=&#8221;bottom&#8221; bg_image_animation=&#8221;none&#8221;][vc_column column_padding=&#8221;no-extra-padding&#8221; column_padding_tablet=&#8221;inherit&#8221; column_padding_phone=&#8221;inherit&#8221; column_padding_position=&#8221;all&#8221; column_element_direction_desktop=&#8221;default&#8221; column_element_spacing=&#8221;default&#8221; desktop_text_alignment=&#8221;default&#8221; tablet_text_alignment=&#8221;default&#8221; phone_text_alignment=&#8221;default&#8221; background_color_opacity=&#8221;1&#8243; background_hover_color_opacity=&#8221;1&#8243; column_backdrop_filter=&#8221;none&#8221; column_shadow=&#8221;none&#8221;&#8230;<\/p>\n","protected":false},"author":1,"featured_media":0,"parent":0,"menu_order":0,"comment_status":"closed","ping_status":"closed","template":"","meta":{"footnotes":""},"class_list":["post-518","page","type-page","status-publish"],"_links":{"self":[{"href":"https:\/\/www.institut-hysope.com\/new\/wp-json\/wp\/v2\/pages\/518","targetHints":{"allow":["GET"]}}],"collection":[{"href":"https:\/\/www.institut-hysope.com\/new\/wp-json\/wp\/v2\/pages"}],"about":[{"href":"https:\/\/www.institut-hysope.com\/new\/wp-json\/wp\/v2\/types\/page"}],"author":[{"embeddable":true,"href":"https:\/\/www.institut-hysope.com\/new\/wp-json\/wp\/v2\/users\/1"}],"replies":[{"embeddable":true,"href":"https:\/\/www.institut-hysope.com\/new\/wp-json\/wp\/v2\/comments?post=518"}],"version-history":[{"count":3,"href":"https:\/\/www.institut-hysope.com\/new\/wp-json\/wp\/v2\/pages\/518\/revisions"}],"predecessor-version":[{"id":4666,"href":"https:\/\/www.institut-hysope.com\/new\/wp-json\/wp\/v2\/pages\/518\/revisions\/4666"}],"wp:attachment":[{"href":"https:\/\/www.institut-hysope.com\/new\/wp-json\/wp\/v2\/media?parent=518"}],"curies":[{"name":"wp","href":"https:\/\/api.w.org\/{rel}","templated":true}]}}